{"id":173,"date":"2013-09-26T01:38:35","date_gmt":"2013-09-25T23:38:35","guid":{"rendered":"http:\/\/awas.pl\/?page_id=173"},"modified":"2017-11-19T02:36:20","modified_gmt":"2017-11-19T01:36:20","slug":"osadniki","status":"publish","type":"page","link":"https:\/\/www.awas.pl\/en\/produkty\/osadniki\/","title":{"rendered":"Sedimentation tanks"},"content":{"rendered":"<p>Osadniki to urz\u0105dzenia s\u0142u\u017c\u0105ce do podczyszczania \u015bciek\u00f3w z substancji sta\u0142ych takich jak piasek i zawiesiny, kt\u00f3re z uwagi na r\u00f3\u017cnice w ci\u0119\u017carze w\u0142a\u015bciwym w stosunku do wody sedymentuj\u0105 (osiadaj\u0105 na dnie).<\/p>\n<p>Urz\u0105dzenia oferowane przez firm\u0119 AWAS mo\u017cemy podzieli\u0107 na dwie grupy tradycyjne osadniki poziome AWAS S i wysokosprawne osadniki cyrkulacyjne AWAS OC<\/p>\n<p>Zach\u0119camy do zapoznania si\u0119 z nasz\u0105 szczeg\u00f3\u0142ow\u0105 ofert\u0105.<\/p>\n<p><i>UWAGA: Prawid\u0142owo\u00a0 serwisowane urz\u0105dzenia funkcjonuj\u0105 bezproblemowo przez wiele lat. Prowadzimy serwis urz\u0105dze\u0144 ochrony w\u00f3d na terenie ca\u0142ej Polski.<\/i><\/p>\n","protected":false},"excerpt":{"rendered":"<p>Osadniki to urz\u0105dzenia s\u0142u\u017c\u0105ce do podczyszczania \u015bciek\u00f3w z substancji sta\u0142ych takich jak piasek i zawiesiny, kt\u00f3re z uwagi na r\u00f3\u017cnice w ci\u0119\u017carze w\u0142a\u015bciwym w stosunku do wody sedymentuj\u0105 (osiadaj\u0105 na dnie). Urz\u0105dzenia oferowane <a class=\"read-more\" href=\"https:\/\/www.awas.pl\/en\/produkty\/osadniki\/\"><img decoding=\"async\" class=\"wiecej_ik\" src=\"https:\/\/www.awas.pl\/wp-content\/themes\/twentythirteen\/gfx\/ik_wiecej.png\" \/><\/a><\/p>\n","protected":false},"author":1,"featured_media":0,"parent":7,"menu_order":5,"comment_status":"open","ping_status":"open","template":"","meta":{"_acf_changed":false,"_exactmetrics_skip_tracking":false,"_exactmetrics_sitenote_active":false,"_exactmetrics_sitenote_note":"","_exactmetrics_sitenote_category":0,"footnotes":""},"class_list":["post-173","page","type-page","status-publish","hentry"],"acf":[],"_links":{"self":[{"href":"https:\/\/www.awas.pl\/en\/wp-json\/wp\/v2\/pages\/173","targetHints":{"allow":["GET"]}}],"collection":[{"href":"https:\/\/www.awas.pl\/en\/wp-json\/wp\/v2\/pages"}],"about":[{"href":"https:\/\/www.awas.pl\/en\/wp-json\/wp\/v2\/types\/page"}],"author":[{"embeddable":true,"href":"https:\/\/www.awas.pl\/en\/wp-json\/wp\/v2\/users\/1"}],"replies":[{"embeddable":true,"href":"https:\/\/www.awas.pl\/en\/wp-json\/wp\/v2\/comments?post=173"}],"version-history":[{"count":8,"href":"https:\/\/www.awas.pl\/en\/wp-json\/wp\/v2\/pages\/173\/revisions"}],"predecessor-version":[{"id":1925,"href":"https:\/\/www.awas.pl\/en\/wp-json\/wp\/v2\/pages\/173\/revisions\/1925"}],"up":[{"embeddable":true,"href":"https:\/\/www.awas.pl\/en\/wp-json\/wp\/v2\/pages\/7"}],"wp:attachment":[{"href":"https:\/\/www.awas.pl\/en\/wp-json\/wp\/v2\/media?parent=173"}],"curies":[{"name":"wp","href":"https:\/\/api.w.org\/{rel}","templated":true}]}}