{"id":181,"date":"2013-09-26T02:07:51","date_gmt":"2013-09-26T00:07:51","guid":{"rendered":"http:\/\/awas.pl\/?page_id=181"},"modified":"2013-10-11T11:19:32","modified_gmt":"2013-10-11T09:19:32","slug":"wykonanie-i-wyposazenie","status":"publish","type":"page","link":"https:\/\/www.awas.pl\/en\/produkty\/separatory\/bezfiltrowe\/separator-awas-h\/wykonanie-i-wyposazenie\/","title":{"rendered":"Design and equipment"},"content":{"rendered":"<p>Zbiornik \u017celbetowy, od wewn\u0105trz zabezpieczony pow\u0142ok\u0105 olejoodporn\u0105, powierzchnie zewn\u0119trzne izolowane substancj\u0105 wodoszczeln\u0105. W komplecie pokrywa na obci\u0105\u017cenia do 125 kN lub 400 kN. Wyposa\u017cenie wewn\u0119trzne: wk\u0142ad koalescencyjny ze stali nierdzewnej, ocynkowanej lub PEHD, kr\u00f3\u0107ce przystosowane do pod\u0142\u0105czenia rur PVC, uszczelki (guma olejoodporna). Separator mo\u017ce by\u0107 wyposa\u017cony w samoczynne zamkni\u0119cie dop\u0142ywu i\/lub urz\u0105dzenie alarmowe.<\/p>","protected":false},"excerpt":{"rendered":"<p>Zbiornik \u017celbetowy, od wewn\u0105trz zabezpieczony pow\u0142ok\u0105 olejoodporn\u0105, powierzchnie zewn\u0119trzne izolowane substancj\u0105 wodoszczeln\u0105. W komplecie pokrywa na obci\u0105\u017cenia do 125 kN lub 400 kN. Wyposa\u017cenie wewn\u0119trzne: wk\u0142ad koalescencyjny ze stali nierdzewnej, ocynkowanej lub PEHD, <a class=\"read-more\" href=\"https:\/\/www.awas.pl\/en\/produkty\/separatory\/bezfiltrowe\/separator-awas-h\/wykonanie-i-wyposazenie\/\"><img decoding=\"async\" class=\"wiecej_ik\" src=\"https:\/\/www.awas.pl\/wp-content\/themes\/twentythirteen\/gfx\/ik_wiecej.png\" \/><\/a><\/p>\n","protected":false},"author":1,"featured_media":0,"parent":57,"menu_order":4,"comment_status":"open","ping_status":"open","template":"","meta":{"_acf_changed":false,"_exactmetrics_skip_tracking":false,"_exactmetrics_sitenote_active":false,"_exactmetrics_sitenote_note":"","_exactmetrics_sitenote_category":0,"footnotes":""},"class_list":["post-181","page","type-page","status-publish","hentry"],"acf":[],"_links":{"self":[{"href":"https:\/\/www.awas.pl\/en\/wp-json\/wp\/v2\/pages\/181","targetHints":{"allow":["GET"]}}],"collection":[{"href":"https:\/\/www.awas.pl\/en\/wp-json\/wp\/v2\/pages"}],"about":[{"href":"https:\/\/www.awas.pl\/en\/wp-json\/wp\/v2\/types\/page"}],"author":[{"embeddable":true,"href":"https:\/\/www.awas.pl\/en\/wp-json\/wp\/v2\/users\/1"}],"replies":[{"embeddable":true,"href":"https:\/\/www.awas.pl\/en\/wp-json\/wp\/v2\/comments?post=181"}],"version-history":[{"count":5,"href":"https:\/\/www.awas.pl\/en\/wp-json\/wp\/v2\/pages\/181\/revisions"}],"predecessor-version":[{"id":694,"href":"https:\/\/www.awas.pl\/en\/wp-json\/wp\/v2\/pages\/181\/revisions\/694"}],"up":[{"embeddable":true,"href":"https:\/\/www.awas.pl\/en\/wp-json\/wp\/v2\/pages\/57"}],"wp:attachment":[{"href":"https:\/\/www.awas.pl\/en\/wp-json\/wp\/v2\/media?parent=181"}],"curies":[{"name":"wp","href":"https:\/\/api.w.org\/{rel}","templated":true}]}}