{"id":39,"date":"2013-09-11T16:42:32","date_gmt":"2013-09-11T14:42:32","guid":{"rendered":"http:\/\/awas.pl\/?page_id=39"},"modified":"2017-11-19T09:28:54","modified_gmt":"2017-11-19T08:28:54","slug":"katalog","status":"publish","type":"page","link":"https:\/\/www.awas.pl\/en\/dla-projektanta\/katalog\/","title":{"rendered":"Catalogue"},"content":{"rendered":"<h3>Do Pa\u0144stwa dyspozycji oddajemy katalogi zawieraj\u0105ce pe\u0142n\u0105 ofert\u0119 produktow\u0105 do pobrania w wersji PDF.<\/h3>\n<p><a href=\"http:\/\/www.awas.pl\/wp-content\/uploads\/2013\/10\/agregat-myc-AWAS-MX.pdf\">AGREGAT AWAS MX<\/a><\/p>\n<p><a href=\"http:\/\/awas.pl\/wp-content\/uploads\/2013\/10\/BIOMYJNIA_AWAS.pdf\">BIOMYJNIA AWAS<\/a><\/p>\n<p><a href=\"http:\/\/awas.pl\/wp-content\/uploads\/2013\/10\/KARTA_BRAMA_AWAS.pdf\">BRAMA MYJ\u0104CA AWAS<\/a><\/p>\n<p><a href=\"http:\/\/awas.pl\/wp-content\/uploads\/2013\/10\/mycie-podwozia.pdf\">MYCIE PODWOZIA<\/a><\/p>\n<p><a href=\"http:\/\/awas.pl\/wp-content\/uploads\/2013\/10\/uzdatnianie_odcieki.pdf\">ODCIEKI ZE SK\u0141ADOWISK ODPAD\u00d3W<\/a><\/p>\n<p><a href=\"http:\/\/awas.pl\/wp-content\/uploads\/2013\/10\/OSADNIK_AWAS_25000.pdf\">OSADNIK AWAS 25000<\/a><\/p>\n<p><a href=\"http:\/\/www.awas.pl\/wp-content\/uploads\/2013\/10\/Przepompownie-AWAS.pdf\">PRZEPOMPOWNIE AWAS<\/a><\/p>\n<p><a href=\"http:\/\/www.awas.pl\/wp-content\/uploads\/2017\/11\/Separator-AWAS-SK.pdf\">SEPARATOR AWAS SK<\/a><\/p>\n<p><a href=\"http:\/\/awas.pl\/wp-content\/uploads\/2013\/09\/awas_bk_sbk-nowe-logo.pdf\">SEPARATORY AWAS BK i SBK<\/a><\/p>\n<p><a href=\"http:\/\/www.awas.pl\/wp-content\/uploads\/2017\/11\/H1900-HI2000.pdf\">SEPARATORY H 1900 HI 2000<\/a><\/p>\n<p>&nbsp;<\/p>\n<p>&nbsp;<\/p>\n<p>&nbsp;<\/p>\n<p>&nbsp;<\/p>\n<p>&nbsp;<\/p>\n","protected":false},"excerpt":{"rendered":"<p>Do Pa\u0144stwa dyspozycji oddajemy katalogi zawieraj\u0105ce pe\u0142n\u0105 ofert\u0119 produktow\u0105 do pobrania w wersji PDF. AGREGAT AWAS MX BIOMYJNIA AWAS BRAMA MYJ\u0104CA AWAS MYCIE PODWOZIA ODCIEKI ZE SK\u0141ADOWISK ODPAD\u00d3W OSADNIK AWAS 25000 PRZEPOMPOWNIE AWAS <a class=\"read-more\" href=\"https:\/\/www.awas.pl\/en\/dla-projektanta\/katalog\/\"><img decoding=\"async\" class=\"wiecej_ik\" src=\"https:\/\/www.awas.pl\/wp-content\/themes\/twentythirteen\/gfx\/ik_wiecej.png\" \/><\/a><\/p>\n","protected":false},"author":1,"featured_media":0,"parent":13,"menu_order":4,"comment_status":"open","ping_status":"closed","template":"katalog.php","meta":{"_acf_changed":false,"_exactmetrics_skip_tracking":false,"_exactmetrics_sitenote_active":false,"_exactmetrics_sitenote_note":"","_exactmetrics_sitenote_category":0,"footnotes":""},"class_list":["post-39","page","type-page","status-publish","hentry"],"acf":[],"_links":{"self":[{"href":"https:\/\/www.awas.pl\/en\/wp-json\/wp\/v2\/pages\/39","targetHints":{"allow":["GET"]}}],"collection":[{"href":"https:\/\/www.awas.pl\/en\/wp-json\/wp\/v2\/pages"}],"about":[{"href":"https:\/\/www.awas.pl\/en\/wp-json\/wp\/v2\/types\/page"}],"author":[{"embeddable":true,"href":"https:\/\/www.awas.pl\/en\/wp-json\/wp\/v2\/users\/1"}],"replies":[{"embeddable":true,"href":"https:\/\/www.awas.pl\/en\/wp-json\/wp\/v2\/comments?post=39"}],"version-history":[{"count":24,"href":"https:\/\/www.awas.pl\/en\/wp-json\/wp\/v2\/pages\/39\/revisions"}],"predecessor-version":[{"id":1936,"href":"https:\/\/www.awas.pl\/en\/wp-json\/wp\/v2\/pages\/39\/revisions\/1936"}],"up":[{"embeddable":true,"href":"https:\/\/www.awas.pl\/en\/wp-json\/wp\/v2\/pages\/13"}],"wp:attachment":[{"href":"https:\/\/www.awas.pl\/en\/wp-json\/wp\/v2\/media?parent=39"}],"curies":[{"name":"wp","href":"https:\/\/api.w.org\/{rel}","templated":true}]}}