{"id":57,"date":"2013-09-11T16:51:16","date_gmt":"2013-09-11T14:51:16","guid":{"rendered":"http:\/\/awas.pl\/?page_id=57"},"modified":"2017-11-19T02:42:21","modified_gmt":"2017-11-19T01:42:21","slug":"separator-awas-h","status":"publish","type":"page","link":"https:\/\/www.awas.pl\/en\/produkty\/separatory\/bezfiltrowe\/separator-awas-h\/","title":{"rendered":"Separator AWAS H"},"content":{"rendered":"<p>AWAS H to wysokoefektywny separator kompaktowy z koalescencj\u0105 bezfiltrow\u0105.<\/p>\n<p>Separatory AWAS H dzielimy na:<\/p>\n<ul>\n<li>AWAS H-1900<\/li>\n<li>AWAS HI-2000<\/li>\n<li>AWAS HI-1999<\/li>\n<\/ul>\n<p><strong>Zalety separatora AWAS H:<\/strong><\/p>\n<ul>\n<li>koalescencj\u0119 bezfiltrow\u0105,<\/li>\n<li>brak k\u0142opotliwych w eksploatacji wk\u0142ad\u00f3w filtracyjnych,<\/li>\n<li>wk\u0142ady wykonane ze stali lub PEHD nie wymagaj\u0105 konserwacji,<\/li>\n<li>elementy wyposa\u017cenia separatora s\u0105 odporne na gor\u0105cy olej (np. olej z awarii transformatora),<\/li>\n<li>wyeliminowanie turbulencji w separatorze,<\/li>\n<li>du\u017ce mo\u017cliwo\u015bci magazynowania olej\u00f3w i zawiesin,<\/li>\n<li>prosty i szybki monta\u017c,<\/li>\n<li>wysoki stopie\u0144 oczyszczania \u015bciek\u00f3w,<\/li>\n<li>bezpiecze\u0144stwo dzi\u0119ki zastosowaniu zamkni\u0119cia na dop\u0142ywie, kt\u00f3re zabezpiecza separator i odbiornik przed niekontrolowanym wyp\u0142ywem cieczy ropopochodnych,<\/li>\n<li>bezpiecze\u0144stwo dzi\u0119ki zbiornikowi na olej, do kt\u00f3rego przep\u0142ywaj\u0105 oddzielone oleje (zmagazynowane ropopochodne s\u0105 przetrzymywane i zabezpieczone przed wyp\u0142ywem),<\/li>\n<li>system alarmowy \u2013 w zbiorniku olejowym mo\u017ce by\u0107 zamontowana sonda ostrzegaj\u0105ca o krytycznym poziomie oleju,<\/li>\n<li>sprawno\u015b\u0107 oczyszczania \u2013 98%. Przy zawarto\u015bci 0,5% oleju w stosunku do przep\u0142ywu nominalnego pozosta\u0142o\u015b\u0107 resztkowa w\u0119glowodor\u00f3w na odp\u0142ywie wynosi poni\u017cej 3 mg\/l.<\/li>\n<\/ul>\n","protected":false},"excerpt":{"rendered":"<p>AWAS H to wysokoefektywny separator kompaktowy z koalescencj\u0105 bezfiltrow\u0105. Separatory AWAS H dzielimy na: AWAS H-1900 AWAS HI-2000 AWAS HI-1999 Zalety separatora AWAS H: koalescencj\u0119 bezfiltrow\u0105, brak k\u0142opotliwych w eksploatacji wk\u0142ad\u00f3w filtracyjnych, wk\u0142ady <a class=\"read-more\" href=\"https:\/\/www.awas.pl\/en\/produkty\/separatory\/bezfiltrowe\/separator-awas-h\/\"><img decoding=\"async\" class=\"wiecej_ik\" src=\"https:\/\/www.awas.pl\/wp-content\/themes\/twentythirteen\/gfx\/ik_wiecej.png\" \/><\/a><\/p>\n","protected":false},"author":1,"featured_media":0,"parent":1478,"menu_order":2,"comment_status":"open","ping_status":"closed","template":"produkt_sz.php","meta":{"_acf_changed":false,"_exactmetrics_skip_tracking":false,"_exactmetrics_sitenote_active":false,"_exactmetrics_sitenote_note":"","_exactmetrics_sitenote_category":0,"footnotes":""},"class_list":["post-57","page","type-page","status-publish","hentry"],"acf":[],"_links":{"self":[{"href":"https:\/\/www.awas.pl\/en\/wp-json\/wp\/v2\/pages\/57","targetHints":{"allow":["GET"]}}],"collection":[{"href":"https:\/\/www.awas.pl\/en\/wp-json\/wp\/v2\/pages"}],"about":[{"href":"https:\/\/www.awas.pl\/en\/wp-json\/wp\/v2\/types\/page"}],"author":[{"embeddable":true,"href":"https:\/\/www.awas.pl\/en\/wp-json\/wp\/v2\/users\/1"}],"replies":[{"embeddable":true,"href":"https:\/\/www.awas.pl\/en\/wp-json\/wp\/v2\/comments?post=57"}],"version-history":[{"count":34,"href":"https:\/\/www.awas.pl\/en\/wp-json\/wp\/v2\/pages\/57\/revisions"}],"predecessor-version":[{"id":1926,"href":"https:\/\/www.awas.pl\/en\/wp-json\/wp\/v2\/pages\/57\/revisions\/1926"}],"up":[{"embeddable":true,"href":"https:\/\/www.awas.pl\/en\/wp-json\/wp\/v2\/pages\/1478"}],"wp:attachment":[{"href":"https:\/\/www.awas.pl\/en\/wp-json\/wp\/v2\/media?parent=57"}],"curies":[{"name":"wp","href":"https:\/\/api.w.org\/{rel}","templated":true}]}}